{"id":57,"date":"2017-05-20T19:41:55","date_gmt":"2017-05-20T17:41:55","guid":{"rendered":"http:\/\/www.kinderschutzbund-kleve.de\/?page_id=57"},"modified":"2025-02-15T13:49:58","modified_gmt":"2025-02-15T12:49:58","slug":"57-2","status":"publish","type":"page","link":"https:\/\/www.kinderschutzbund-kleve.de\/","title":{"rendered":"Startseite"},"content":{"rendered":"<h2>Herzlich Willkommen auf der Web-Seite des Kinderschutzbundes Ortsverband Kleve e.V.<\/h2>\n<p class=\"p1\"><strong>Hier finden sie alle Informationen und Angebote des Kinderschutzbundes Kleve.<\/strong><\/p>\n<ul>\n<li class=\"p3\">Offene Beratung und beratende Unterst\u00fctzung am Telefon,<\/li>\n<li class=\"p4\">Aktionen und Hilfsangebote f\u00fcr Kinder,<\/li>\n<li class=\"p4\">Kurse und Hilfsangebote f\u00fcr Eltern und p\u00e4dagogische Fachkr\u00e4fte,<\/li>\n<li class=\"p4\">Familienorientierte Hilfen,<\/li>\n<li class=\"p4\">P\u00e4dagogische Lernhilfen,<\/li>\n<li class=\"p4\">und vieles mehr &#8230;<\/li>\n<\/ul>\n\n\n<p>In dringenden F\u00e4llen empfehlen wir die &#8220;<strong>Nummer gegen Kummer<\/strong>&#8220;. Weitere Informationen dazu finden sie <a href=\"https:\/\/www.nummergegenkummer.de\/\" data-type=\"link\" data-id=\"https:\/\/www.nummergegenkummer.de\/\" target=\"_blank\" rel=\"noreferrer noopener\">hier<\/a>.<\/p>\n","protected":false},"excerpt":{"rendered":"<p>Herzlich Willkommen auf der Web-Seite des Kinderschutzbundes Ortsverband Kleve e.V. Hier finden sie alle Informationen und Angebote des Kinderschutzbundes Kleve. Offene Beratung und beratende Unterst\u00fctzung am Telefon, Aktionen und Hilfsangebote f\u00fcr Kinder, Kurse und&#46;&#46;&#46;<\/p>\n","protected":false},"author":1,"featured_media":0,"parent":0,"menu_order":0,"comment_status":"closed","ping_status":"closed","template":"","meta":{"footnotes":""},"class_list":["post-57","page","type-page","status-publish","hentry"],"_links":{"self":[{"href":"https:\/\/www.kinderschutzbund-kleve.de\/index.php\/wp-json\/wp\/v2\/pages\/57","targetHints":{"allow":["GET"]}}],"collection":[{"href":"https:\/\/www.kinderschutzbund-kleve.de\/index.php\/wp-json\/wp\/v2\/pages"}],"about":[{"href":"https:\/\/www.kinderschutzbund-kleve.de\/index.php\/wp-json\/wp\/v2\/types\/page"}],"author":[{"embeddable":true,"href":"https:\/\/www.kinderschutzbund-kleve.de\/index.php\/wp-json\/wp\/v2\/users\/1"}],"replies":[{"embeddable":true,"href":"https:\/\/www.kinderschutzbund-kleve.de\/index.php\/wp-json\/wp\/v2\/comments?post=57"}],"version-history":[{"count":7,"href":"https:\/\/www.kinderschutzbund-kleve.de\/index.php\/wp-json\/wp\/v2\/pages\/57\/revisions"}],"predecessor-version":[{"id":967,"href":"https:\/\/www.kinderschutzbund-kleve.de\/index.php\/wp-json\/wp\/v2\/pages\/57\/revisions\/967"}],"wp:attachment":[{"href":"https:\/\/www.kinderschutzbund-kleve.de\/index.php\/wp-json\/wp\/v2\/media?parent=57"}],"curies":[{"name":"wp","href":"https:\/\/api.w.org\/{rel}","templated":true}]}}