{"id":564,"date":"2023-07-04T12:40:20","date_gmt":"2023-07-04T10:40:20","guid":{"rendered":"https:\/\/www.kinderschutzbund-kleve.de\/?page_id=564"},"modified":"2024-03-11T15:31:00","modified_gmt":"2024-03-11T14:31:00","slug":"die-10-kinderrechte","status":"publish","type":"page","link":"https:\/\/www.kinderschutzbund-kleve.de\/index.php\/die-10-kinderrechte\/","title":{"rendered":"Die Kinderrechte"},"content":{"rendered":"\n<h1 class=\"wp-block-heading\"><mark style=\"background-color:rgba(0, 0, 0, 0)\" class=\"has-inline-color has-vivid-red-color\"><strong>Recht auf Leben und Gesundheit<\/strong><\/mark><\/h1>\n\n\n\n<figure class=\"wp-block-image size-large\"><img loading=\"lazy\" decoding=\"async\" width=\"1024\" height=\"683\" src=\"https:\/\/www.kinderschutzbund-kleve.de\/wp-content\/uploads\/2023\/07\/K0A9981-1024x683.jpg\" alt=\"\" class=\"wp-image-569\" srcset=\"https:\/\/www.kinderschutzbund-kleve.de\/wp-content\/uploads\/2023\/07\/K0A9981-1024x683.jpg 1024w, https:\/\/www.kinderschutzbund-kleve.de\/wp-content\/uploads\/2023\/07\/K0A9981-300x200.jpg 300w, https:\/\/www.kinderschutzbund-kleve.de\/wp-content\/uploads\/2023\/07\/K0A9981-768x512.jpg 768w, https:\/\/www.kinderschutzbund-kleve.de\/wp-content\/uploads\/2023\/07\/K0A9981-1536x1024.jpg 1536w, https:\/\/www.kinderschutzbund-kleve.de\/wp-content\/uploads\/2023\/07\/K0A9981-2048x1365.jpg 2048w\" sizes=\"auto, (max-width: 1024px) 100vw, 1024px\" \/><\/figure>\n\n\n\n<h1 class=\"wp-block-heading\"><mark style=\"background-color:rgba(0, 0, 0, 0)\" class=\"has-inline-color has-vivid-red-color\"><strong>Recht auf  NEIN Sagen<\/strong> <\/mark><\/h1>\n\n\n\n<figure class=\"wp-block-image size-large\"><img loading=\"lazy\" decoding=\"async\" width=\"1024\" height=\"683\" src=\"https:\/\/www.kinderschutzbund-kleve.de\/wp-content\/uploads\/2023\/07\/51-1024x683.jpg\" alt=\"\" class=\"wp-image-570\" srcset=\"https:\/\/www.kinderschutzbund-kleve.de\/wp-content\/uploads\/2023\/07\/51-1024x683.jpg 1024w, https:\/\/www.kinderschutzbund-kleve.de\/wp-content\/uploads\/2023\/07\/51-300x200.jpg 300w, https:\/\/www.kinderschutzbund-kleve.de\/wp-content\/uploads\/2023\/07\/51-768x512.jpg 768w, https:\/\/www.kinderschutzbund-kleve.de\/wp-content\/uploads\/2023\/07\/51-1536x1024.jpg 1536w, https:\/\/www.kinderschutzbund-kleve.de\/wp-content\/uploads\/2023\/07\/51-2048x1366.jpg 2048w\" sizes=\"auto, (max-width: 1024px) 100vw, 1024px\" \/><\/figure>\n\n\n\n<p><\/p>\n\n\n\n<h1 class=\"wp-block-heading\"><mark style=\"background-color:rgba(0, 0, 0, 0)\" class=\"has-inline-color has-vivid-red-color\"><strong>Recht auf Gleichheit<\/strong><\/mark><\/h1>\n\n\n\n<figure class=\"wp-block-image size-large\"><img loading=\"lazy\" decoding=\"async\" width=\"1024\" height=\"683\" src=\"https:\/\/www.kinderschutzbund-kleve.de\/wp-content\/uploads\/2023\/07\/K0A2778-1024x683.jpg\" alt=\"\" class=\"wp-image-572\" srcset=\"https:\/\/www.kinderschutzbund-kleve.de\/wp-content\/uploads\/2023\/07\/K0A2778-1024x683.jpg 1024w, https:\/\/www.kinderschutzbund-kleve.de\/wp-content\/uploads\/2023\/07\/K0A2778-300x200.jpg 300w, https:\/\/www.kinderschutzbund-kleve.de\/wp-content\/uploads\/2023\/07\/K0A2778-768x512.jpg 768w, https:\/\/www.kinderschutzbund-kleve.de\/wp-content\/uploads\/2023\/07\/K0A2778-1536x1024.jpg 1536w, https:\/\/www.kinderschutzbund-kleve.de\/wp-content\/uploads\/2023\/07\/K0A2778-2048x1365.jpg 2048w\" sizes=\"auto, (max-width: 1024px) 100vw, 1024px\" \/><\/figure>\n\n\n\n<h1 class=\"wp-block-heading\"><mark style=\"background-color:rgba(0, 0, 0, 0)\" class=\"has-inline-color has-vivid-red-color\"><strong>Recht auf Bildung<\/strong><\/mark><\/h1>\n\n\n\n<figure class=\"wp-block-image size-large\"><img loading=\"lazy\" decoding=\"async\" width=\"1024\" height=\"683\" src=\"https:\/\/www.kinderschutzbund-kleve.de\/wp-content\/uploads\/2023\/07\/35-1024x683.jpg\" alt=\"\" class=\"wp-image-578\" srcset=\"https:\/\/www.kinderschutzbund-kleve.de\/wp-content\/uploads\/2023\/07\/35-1024x683.jpg 1024w, https:\/\/www.kinderschutzbund-kleve.de\/wp-content\/uploads\/2023\/07\/35-300x200.jpg 300w, https:\/\/www.kinderschutzbund-kleve.de\/wp-content\/uploads\/2023\/07\/35-768x512.jpg 768w, https:\/\/www.kinderschutzbund-kleve.de\/wp-content\/uploads\/2023\/07\/35-1536x1024.jpg 1536w, https:\/\/www.kinderschutzbund-kleve.de\/wp-content\/uploads\/2023\/07\/35-2048x1365.jpg 2048w\" sizes=\"auto, (max-width: 1024px) 100vw, 1024px\" \/><\/figure>\n\n\n\n<h1 class=\"wp-block-heading\"><strong><mark style=\"background-color:rgba(0, 0, 0, 0)\" class=\"has-inline-color has-vivid-red-color\">Recht auf Freizeit, Spielen und Erholung<\/mark><\/strong><\/h1>\n\n\n\n<figure class=\"wp-block-image size-large\"><img loading=\"lazy\" decoding=\"async\" width=\"1024\" height=\"683\" src=\"https:\/\/www.kinderschutzbund-kleve.de\/wp-content\/uploads\/2023\/07\/K0A1447-1024x683.jpg\" alt=\"\" class=\"wp-image-579\" srcset=\"https:\/\/www.kinderschutzbund-kleve.de\/wp-content\/uploads\/2023\/07\/K0A1447-1024x683.jpg 1024w, https:\/\/www.kinderschutzbund-kleve.de\/wp-content\/uploads\/2023\/07\/K0A1447-300x200.jpg 300w, https:\/\/www.kinderschutzbund-kleve.de\/wp-content\/uploads\/2023\/07\/K0A1447-768x512.jpg 768w, https:\/\/www.kinderschutzbund-kleve.de\/wp-content\/uploads\/2023\/07\/K0A1447-1536x1024.jpg 1536w, https:\/\/www.kinderschutzbund-kleve.de\/wp-content\/uploads\/2023\/07\/K0A1447-2048x1365.jpg 2048w\" sizes=\"auto, (max-width: 1024px) 100vw, 1024px\" \/><\/figure>\n\n\n\n<figure class=\"wp-block-image size-large\"><img loading=\"lazy\" decoding=\"async\" width=\"1024\" height=\"683\" src=\"https:\/\/www.kinderschutzbund-kleve.de\/wp-content\/uploads\/2023\/07\/K0A2363-1024x683.jpg\" alt=\"\" class=\"wp-image-593\" srcset=\"https:\/\/www.kinderschutzbund-kleve.de\/wp-content\/uploads\/2023\/07\/K0A2363-1024x683.jpg 1024w, https:\/\/www.kinderschutzbund-kleve.de\/wp-content\/uploads\/2023\/07\/K0A2363-300x200.jpg 300w, https:\/\/www.kinderschutzbund-kleve.de\/wp-content\/uploads\/2023\/07\/K0A2363-768x512.jpg 768w, https:\/\/www.kinderschutzbund-kleve.de\/wp-content\/uploads\/2023\/07\/K0A2363-1536x1024.jpg 1536w, https:\/\/www.kinderschutzbund-kleve.de\/wp-content\/uploads\/2023\/07\/K0A2363-2048x1365.jpg 2048w\" sizes=\"auto, (max-width: 1024px) 100vw, 1024px\" \/><\/figure>\n\n\n\n<h1 class=\"wp-block-heading\"><strong><mark style=\"background-color:rgba(0, 0, 0, 0)\" class=\"has-inline-color has-vivid-red-color\">Recht auf gewaltfreie Erziehung<\/mark><\/strong><\/h1>\n\n\n\n<figure class=\"wp-block-image size-large\"><img loading=\"lazy\" decoding=\"async\" width=\"1024\" height=\"683\" src=\"https:\/\/www.kinderschutzbund-kleve.de\/wp-content\/uploads\/2023\/07\/30-1024x683.jpg\" alt=\"\" class=\"wp-image-595\" srcset=\"https:\/\/www.kinderschutzbund-kleve.de\/wp-content\/uploads\/2023\/07\/30-1024x683.jpg 1024w, https:\/\/www.kinderschutzbund-kleve.de\/wp-content\/uploads\/2023\/07\/30-300x200.jpg 300w, https:\/\/www.kinderschutzbund-kleve.de\/wp-content\/uploads\/2023\/07\/30-768x512.jpg 768w, https:\/\/www.kinderschutzbund-kleve.de\/wp-content\/uploads\/2023\/07\/30-1536x1024.jpg 1536w, https:\/\/www.kinderschutzbund-kleve.de\/wp-content\/uploads\/2023\/07\/30-2048x1365.jpg 2048w\" sizes=\"auto, (max-width: 1024px) 100vw, 1024px\" \/><\/figure>\n\n\n\n<h1 class=\"wp-block-heading\"><strong><mark style=\"background-color:rgba(0, 0, 0, 0)\" class=\"has-inline-color has-vivid-red-color\">Recht auf elterliche F\u00fcrsorge<\/mark><\/strong><\/h1>\n\n\n\n<figure class=\"wp-block-image size-large\"><img loading=\"lazy\" decoding=\"async\" width=\"1024\" height=\"683\" src=\"https:\/\/www.kinderschutzbund-kleve.de\/wp-content\/uploads\/2023\/07\/55-1024x683.jpg\" alt=\"\" class=\"wp-image-581\" srcset=\"https:\/\/www.kinderschutzbund-kleve.de\/wp-content\/uploads\/2023\/07\/55-1024x683.jpg 1024w, https:\/\/www.kinderschutzbund-kleve.de\/wp-content\/uploads\/2023\/07\/55-300x200.jpg 300w, https:\/\/www.kinderschutzbund-kleve.de\/wp-content\/uploads\/2023\/07\/55-768x512.jpg 768w, https:\/\/www.kinderschutzbund-kleve.de\/wp-content\/uploads\/2023\/07\/55-1536x1024.jpg 1536w, https:\/\/www.kinderschutzbund-kleve.de\/wp-content\/uploads\/2023\/07\/55-2048x1365.jpg 2048w\" sizes=\"auto, (max-width: 1024px) 100vw, 1024px\" \/><\/figure>\n\n\n\n<h1 class=\"wp-block-heading\"><strong><mark style=\"background-color:rgba(0, 0, 0, 0)\" class=\"has-inline-color has-vivid-red-color\">Recht auf Information, freie Meinungs\u00e4u\u00dferung und Beteiligung<\/mark><\/strong><\/h1>\n\n\n\n<figure class=\"wp-block-image size-large\"><img loading=\"lazy\" decoding=\"async\" width=\"1024\" height=\"683\" src=\"https:\/\/www.kinderschutzbund-kleve.de\/wp-content\/uploads\/2023\/07\/51-1-1024x683.jpg\" alt=\"\" class=\"wp-image-598\" srcset=\"https:\/\/www.kinderschutzbund-kleve.de\/wp-content\/uploads\/2023\/07\/51-1-1024x683.jpg 1024w, https:\/\/www.kinderschutzbund-kleve.de\/wp-content\/uploads\/2023\/07\/51-1-300x200.jpg 300w, https:\/\/www.kinderschutzbund-kleve.de\/wp-content\/uploads\/2023\/07\/51-1-768x512.jpg 768w, https:\/\/www.kinderschutzbund-kleve.de\/wp-content\/uploads\/2023\/07\/51-1-1536x1024.jpg 1536w, https:\/\/www.kinderschutzbund-kleve.de\/wp-content\/uploads\/2023\/07\/51-1-2048x1366.jpg 2048w\" sizes=\"auto, (max-width: 1024px) 100vw, 1024px\" \/><\/figure>\n\n\n\n<h1 class=\"wp-block-heading\"><strong><mark style=\"background-color:rgba(0, 0, 0, 0)\" class=\"has-inline-color has-vivid-red-color\">Recht auf Privatsph\u00e4re<\/mark><\/strong><\/h1>\n\n\n\n<figure class=\"wp-block-image size-large\"><img loading=\"lazy\" decoding=\"async\" width=\"1024\" height=\"683\" src=\"https:\/\/www.kinderschutzbund-kleve.de\/wp-content\/uploads\/2023\/07\/48-1024x683.jpg\" alt=\"\" class=\"wp-image-583\" srcset=\"https:\/\/www.kinderschutzbund-kleve.de\/wp-content\/uploads\/2023\/07\/48-1024x683.jpg 1024w, https:\/\/www.kinderschutzbund-kleve.de\/wp-content\/uploads\/2023\/07\/48-300x200.jpg 300w, https:\/\/www.kinderschutzbund-kleve.de\/wp-content\/uploads\/2023\/07\/48-768x512.jpg 768w, https:\/\/www.kinderschutzbund-kleve.de\/wp-content\/uploads\/2023\/07\/48-1536x1024.jpg 1536w, https:\/\/www.kinderschutzbund-kleve.de\/wp-content\/uploads\/2023\/07\/48-2048x1365.jpg 2048w\" sizes=\"auto, (max-width: 1024px) 100vw, 1024px\" \/><\/figure>\n\n\n\n<h1 class=\"wp-block-heading\"><strong><mark style=\"background-color:rgba(0, 0, 0, 0)\" class=\"has-inline-color has-vivid-red-color\">Recht auf Schutz im Krieg und auf der Flucht<\/mark><\/strong><\/h1>\n\n\n\n<figure class=\"wp-block-image size-large\"><img loading=\"lazy\" decoding=\"async\" width=\"1024\" height=\"683\" src=\"https:\/\/www.kinderschutzbund-kleve.de\/wp-content\/uploads\/2023\/07\/K0A1575-1024x683.jpg\" alt=\"\" class=\"wp-image-584\" srcset=\"https:\/\/www.kinderschutzbund-kleve.de\/wp-content\/uploads\/2023\/07\/K0A1575-1024x683.jpg 1024w, https:\/\/www.kinderschutzbund-kleve.de\/wp-content\/uploads\/2023\/07\/K0A1575-300x200.jpg 300w, https:\/\/www.kinderschutzbund-kleve.de\/wp-content\/uploads\/2023\/07\/K0A1575-768x512.jpg 768w, https:\/\/www.kinderschutzbund-kleve.de\/wp-content\/uploads\/2023\/07\/K0A1575-1536x1024.jpg 1536w, https:\/\/www.kinderschutzbund-kleve.de\/wp-content\/uploads\/2023\/07\/K0A1575-2048x1365.jpg 2048w\" sizes=\"auto, (max-width: 1024px) 100vw, 1024px\" \/><\/figure>\n\n\n\n<h1 class=\"wp-block-heading\"><strong><mark style=\"background-color:rgba(0, 0, 0, 0)\" class=\"has-inline-color has-vivid-red-color\">Recht auf besondere F\u00fcrsorge und F\u00f6rderung bei Behinderung<\/mark><\/strong><\/h1>\n\n\n\n<figure class=\"wp-block-image size-large\"><img loading=\"lazy\" decoding=\"async\" width=\"1024\" height=\"683\" src=\"https:\/\/www.kinderschutzbund-kleve.de\/wp-content\/uploads\/2023\/07\/40-1024x683.jpg\" alt=\"\" class=\"wp-image-586\" srcset=\"https:\/\/www.kinderschutzbund-kleve.de\/wp-content\/uploads\/2023\/07\/40-1024x683.jpg 1024w, https:\/\/www.kinderschutzbund-kleve.de\/wp-content\/uploads\/2023\/07\/40-300x200.jpg 300w, https:\/\/www.kinderschutzbund-kleve.de\/wp-content\/uploads\/2023\/07\/40-768x512.jpg 768w, https:\/\/www.kinderschutzbund-kleve.de\/wp-content\/uploads\/2023\/07\/40-1536x1024.jpg 1536w, https:\/\/www.kinderschutzbund-kleve.de\/wp-content\/uploads\/2023\/07\/40-2048x1365.jpg 2048w\" sizes=\"auto, (max-width: 1024px) 100vw, 1024px\" \/><\/figure>\n\n\n\n<div class=\"wp-block-media-text has-media-on-the-right is-stacked-on-mobile\"><div class=\"wp-block-media-text__content\">\n<p>  <br><\/p>\n\n\n\n<p><\/p>\n\n\n\n<p><\/p>\n\n\n\n<p><\/p>\n\n\n\n<p><\/p>\n<\/div><figure class=\"wp-block-media-text__media\"><img loading=\"lazy\" decoding=\"async\" width=\"987\" height=\"250\" src=\"https:\/\/www.kinderschutzbund-kleve.de\/wp-content\/uploads\/2017\/05\/cropped-cropped-logo.jpg\" alt=\"\" class=\"wp-image-106 size-full\" srcset=\"https:\/\/www.kinderschutzbund-kleve.de\/wp-content\/uploads\/2017\/05\/cropped-cropped-logo.jpg 987w, https:\/\/www.kinderschutzbund-kleve.de\/wp-content\/uploads\/2017\/05\/cropped-cropped-logo-300x76.jpg 300w, https:\/\/www.kinderschutzbund-kleve.de\/wp-content\/uploads\/2017\/05\/cropped-cropped-logo-768x195.jpg 768w\" sizes=\"auto, (max-width: 987px) 100vw, 987px\" \/><\/figure><\/div>\n","protected":false},"excerpt":{"rendered":"<p>Recht auf Leben und Gesundheit Recht auf NEIN Sagen Recht auf Gleichheit Recht auf Bildung Recht auf Freizeit, Spielen und Erholung Recht auf gewaltfreie Erziehung Recht auf elterliche F\u00fcrsorge Recht auf Information, freie Meinungs\u00e4u\u00dferung&#46;&#46;&#46;<\/p>\n","protected":false},"author":2,"featured_media":0,"parent":0,"menu_order":0,"comment_status":"closed","ping_status":"closed","template":"","meta":{"footnotes":""},"class_list":["post-564","page","type-page","status-publish","hentry"],"_links":{"self":[{"href":"https:\/\/www.kinderschutzbund-kleve.de\/index.php\/wp-json\/wp\/v2\/pages\/564","targetHints":{"allow":["GET"]}}],"collection":[{"href":"https:\/\/www.kinderschutzbund-kleve.de\/index.php\/wp-json\/wp\/v2\/pages"}],"about":[{"href":"https:\/\/www.kinderschutzbund-kleve.de\/index.php\/wp-json\/wp\/v2\/types\/page"}],"author":[{"embeddable":true,"href":"https:\/\/www.kinderschutzbund-kleve.de\/index.php\/wp-json\/wp\/v2\/users\/2"}],"replies":[{"embeddable":true,"href":"https:\/\/www.kinderschutzbund-kleve.de\/index.php\/wp-json\/wp\/v2\/comments?post=564"}],"version-history":[{"count":22,"href":"https:\/\/www.kinderschutzbund-kleve.de\/index.php\/wp-json\/wp\/v2\/pages\/564\/revisions"}],"predecessor-version":[{"id":696,"href":"https:\/\/www.kinderschutzbund-kleve.de\/index.php\/wp-json\/wp\/v2\/pages\/564\/revisions\/696"}],"wp:attachment":[{"href":"https:\/\/www.kinderschutzbund-kleve.de\/index.php\/wp-json\/wp\/v2\/media?parent=564"}],"curies":[{"name":"wp","href":"https:\/\/api.w.org\/{rel}","templated":true}]}}