{"id":1104,"date":"2025-11-06T20:04:40","date_gmt":"2025-11-06T19:04:40","guid":{"rendered":"https:\/\/www.kinderschutzbund-kleve.de\/?page_id=1104"},"modified":"2025-11-08T12:39:18","modified_gmt":"2025-11-08T11:39:18","slug":"kontakt","status":"publish","type":"page","link":"https:\/\/www.kinderschutzbund-kleve.de\/index.php\/kontakt\/","title":{"rendered":"Kontakt"},"content":{"rendered":"\n<h2 class=\"wp-block-heading\">Kontaktm\u00f6glichkeiten<\/h2>\n\n\n\n<table>\n<tbody>\n<tr>\n<td><strong>Telefon:<\/strong><\/td>\n<td>02821 29292<\/td>\n<\/tr>\n<tr class=\"alt\">\n<td><strong>Fax:<\/strong><strong>&nbsp;<\/strong><\/td>\n<td>02821 9700598<\/td>\n<\/tr>\n<tr>\n<td><strong>Email:<\/strong><strong>&nbsp;<\/strong><\/td>\n<td><a href=\"mailto:info@kinderschutzbund-kleve.de\">info@kinderschutzbund-kleve.de<\/a><\/td>\n<\/tr>\n<\/tbody>\n<\/table>\n\n\n\n<p><strong>Der Kinderschutzbund, Ortsverband Kleve<\/strong><br>Spyckstr. 22-24<br>47533 Kleve<\/p>\n\n\n\n<p><strong>B\u00fcrozeiten:<\/strong> nach Vereinbarung per Email<\/p>\n\n\n\n<p>Au\u00dferhalb unserer B\u00fcrozeiten erreichen Sie uns t\u00e4glich per <a href=\"mailto:info@kinderschutzbund-kleve.de\">E-Mail<\/a>.<\/p>\n\n\n<style id=\"wpforms-css-vars-1102-block-80383c05-595e-4fdc-8b30-b80324821b1a\">\n\t\t\t\t#wpforms-1102.wpforms-block-80383c05-595e-4fdc-8b30-b80324821b1a {\n\t\t\t\t--wpforms-field-size-input-height: 43px;\n--wpforms-field-size-input-spacing: 15px;\n--wpforms-field-size-font-size: 16px;\n--wpforms-field-size-line-height: 19px;\n--wpforms-field-size-padding-h: 14px;\n--wpforms-field-size-checkbox-size: 16px;\n--wpforms-field-size-sublabel-spacing: 5px;\n--wpforms-field-size-icon-size: 1;\n--wpforms-label-size-font-size: 16px;\n--wpforms-label-size-line-height: 19px;\n--wpforms-label-size-sublabel-font-size: 14px;\n--wpforms-label-size-sublabel-line-height: 17px;\n--wpforms-button-size-font-size: 17px;\n--wpforms-button-size-height: 41px;\n--wpforms-button-size-padding-h: 15px;\n--wpforms-button-size-margin-top: 10px;\n\t\t\t}\n\t\t\t<\/style><div class=\"wpforms-container wpforms-container-full wpforms-block wpforms-block-80383c05-595e-4fdc-8b30-b80324821b1a wpforms-render-modern\" id=\"wpforms-1102\"><form id=\"wpforms-form-1102\" class=\"wpforms-validate wpforms-form wpforms-ajax-form\" data-formid=\"1102\" method=\"post\" enctype=\"multipart\/form-data\" action=\"\/index.php\/wp-json\/wp\/v2\/pages\/1104\" data-token=\"b315906a4b887ec1bdacf57ee10f09fe\" data-token-time=\"1778425997\"><noscript class=\"wpforms-error-noscript\">Bitte aktiviere JavaScript in deinem Browser, um dieses Formular fertigzustellen.<\/noscript><div id=\"wpforms-error-noscript\" style=\"display: none;\">Bitte aktiviere JavaScript in deinem Browser, um dieses Formular fertigzustellen.<\/div><div class=\"wpforms-field-container\"><div id=\"wpforms-1102-field_1-container\" class=\"wpforms-field wpforms-field-name\" data-field-id=\"1\"><fieldset><legend class=\"wpforms-field-label\">Name <span class=\"wpforms-required-label\" aria-hidden=\"true\">*<\/span><\/legend><div class=\"wpforms-field-row wpforms-field-medium\"><div class=\"wpforms-field-row-block wpforms-first wpforms-one-half\"><input type=\"text\" id=\"wpforms-1102-field_1\" class=\"wpforms-field-name-first wpforms-field-required\" name=\"wpforms[fields][1][first]\" aria-errormessage=\"wpforms-1102-field_1-error\" required><label for=\"wpforms-1102-field_1\" class=\"wpforms-field-sublabel after\">Vorname<\/label><\/div><div class=\"wpforms-field-row-block wpforms-one-half\"><input type=\"text\" id=\"wpforms-1102-field_1-last\" class=\"wpforms-field-name-last wpforms-field-required\" name=\"wpforms[fields][1][last]\" aria-errormessage=\"wpforms-1102-field_1-last-error\" required><label for=\"wpforms-1102-field_1-last\" class=\"wpforms-field-sublabel after\">Nachname<\/label><\/div><\/div><\/fieldset><\/div><div id=\"wpforms-1102-field_2-container\" class=\"wpforms-field wpforms-field-email\" data-field-id=\"2\"><label class=\"wpforms-field-label\" for=\"wpforms-1102-field_2\">E-Mail-Adresse <span class=\"wpforms-required-label\" aria-hidden=\"true\">*<\/span><\/label><input type=\"email\" id=\"wpforms-1102-field_2\" class=\"wpforms-field-medium wpforms-field-required\" name=\"wpforms[fields][2]\" spellcheck=\"false\" aria-errormessage=\"wpforms-1102-field_2-error\" required><\/div><div id=\"wpforms-1102-field_5-container\" class=\"wpforms-field wpforms-field-text\" data-field-id=\"5\"><label class=\"wpforms-field-label\" for=\"wpforms-1102-field_5\">Betreff<\/label><input type=\"text\" id=\"wpforms-1102-field_5\" class=\"wpforms-field-medium\" name=\"wpforms[fields][5]\" aria-errormessage=\"wpforms-1102-field_5-error\" ><\/div>\t\t<div id=\"wpforms-1102-field_4-container\"\n\t\t\tclass=\"wpforms-field wpforms-field-text\"\n\t\t\tdata-field-type=\"text\"\n\t\t\tdata-field-id=\"4\"\n\t\t\t>\n\t\t\t<label class=\"wpforms-field-label\" for=\"wpforms-1102-field_4\" >Nachricht E-Mail-Adresse Kommentar<\/label>\n\t\t\t<input type=\"text\" id=\"wpforms-1102-field_4\" class=\"wpforms-field-medium\" name=\"wpforms[fields][4]\" >\n\t\t<\/div>\n\t\t<div id=\"wpforms-1102-field_3-container\" class=\"wpforms-field wpforms-field-textarea\" data-field-id=\"3\"><label class=\"wpforms-field-label\" for=\"wpforms-1102-field_3\">Kommentar oder Nachricht<\/label><textarea id=\"wpforms-1102-field_3\" class=\"wpforms-field-medium\" name=\"wpforms[fields][3]\" aria-errormessage=\"wpforms-1102-field_3-error\" ><\/textarea><\/div><script>\n\t\t\t\t( function() {\n\t\t\t\t\tconst style = document.createElement( 'style' );\n\t\t\t\t\tstyle.appendChild( document.createTextNode( '#wpforms-1102-field_4-container { position: absolute !important; overflow: hidden !important; display: inline !important; height: 1px !important; width: 1px !important; z-index: -1000 !important; padding: 0 !important; } #wpforms-1102-field_4-container input { visibility: hidden; } #wpforms-conversational-form-page #wpforms-1102-field_4-container label { counter-increment: none; }' ) );\n\t\t\t\t\tdocument.head.appendChild( style );\n\t\t\t\t\tdocument.currentScript?.remove();\n\t\t\t\t} )();\n\t\t\t<\/script><\/div><!-- .wpforms-field-container --><div class=\"wpforms-recaptcha-container wpforms-is-recaptcha wpforms-is-recaptcha-type-v2\" ><div class=\"g-recaptcha\" data-sitekey=\"6LeMswQsAAAAAEtYLsa82ZJIb0A5LZXJKAGyLqO7\"><\/div><input type=\"text\" name=\"g-recaptcha-hidden\" class=\"wpforms-recaptcha-hidden\" style=\"position:absolute!important;clip:rect(0,0,0,0)!important;height:1px!important;width:1px!important;border:0!important;overflow:hidden!important;padding:0!important;margin:0!important;\" data-rule-recaptcha=\"1\"><\/div><div class=\"wpforms-submit-container\" ><input type=\"hidden\" name=\"wpforms[id]\" value=\"1102\"><input type=\"hidden\" name=\"page_title\" value=\"\"><input type=\"hidden\" name=\"page_url\" value=\"https:\/\/www.kinderschutzbund-kleve.de\/index.php\/wp-json\/wp\/v2\/pages\/1104\"><input type=\"hidden\" name=\"url_referer\" value=\"\"><button type=\"submit\" name=\"wpforms[submit]\" id=\"wpforms-submit-1102\" class=\"wpforms-submit\" data-alt-text=\"Wird gesendet\u00a0\u2026\" data-submit-text=\"Absenden\" aria-live=\"assertive\" value=\"wpforms-submit\">Absenden<\/button><img loading=\"lazy\" decoding=\"async\" src=\"https:\/\/www.kinderschutzbund-kleve.de\/wp-content\/plugins\/wpforms-lite\/assets\/images\/submit-spin.svg\" class=\"wpforms-submit-spinner\" style=\"display: none;\" width=\"26\" height=\"26\" alt=\"Wird geladen\"><\/div><\/form><\/div>  <!-- .wpforms-container -->\n\n\n<p>Wir verwenden Ihre Angaben zur Beantwortung Ihrer Anfrage. Weitere Informationen finden Sie in unseren <a href=\"https:\/\/www.kinderschutzbund-kleve.de\/index.php\/2017\/05\/21\/datenschutzerklaerung\/\" data-type=\"post\" data-id=\"203\" target=\"_blank\" rel=\"noreferrer noopener\">Datenschutzhinweisen<\/a>.<\/p>\n","protected":false},"excerpt":{"rendered":"<p>Kontaktm\u00f6glichkeiten Telefon: 02821 29292 Fax:&nbsp; 02821 9700598 Email:&nbsp; info@kinderschutzbund-kleve.de Der Kinderschutzbund, Ortsverband KleveSpyckstr. 22-2447533 Kleve B\u00fcrozeiten: nach Vereinbarung per Email Au\u00dferhalb unserer B\u00fcrozeiten erreichen Sie uns t\u00e4glich per E-Mail. Wir verwenden Ihre Angaben zur&#46;&#46;&#46;<\/p>\n","protected":false},"author":2,"featured_media":0,"parent":0,"menu_order":0,"comment_status":"closed","ping_status":"closed","template":"","meta":{"footnotes":""},"class_list":["post-1104","page","type-page","status-publish","hentry"],"_links":{"self":[{"href":"https:\/\/www.kinderschutzbund-kleve.de\/index.php\/wp-json\/wp\/v2\/pages\/1104","targetHints":{"allow":["GET"]}}],"collection":[{"href":"https:\/\/www.kinderschutzbund-kleve.de\/index.php\/wp-json\/wp\/v2\/pages"}],"about":[{"href":"https:\/\/www.kinderschutzbund-kleve.de\/index.php\/wp-json\/wp\/v2\/types\/page"}],"author":[{"embeddable":true,"href":"https:\/\/www.kinderschutzbund-kleve.de\/index.php\/wp-json\/wp\/v2\/users\/2"}],"replies":[{"embeddable":true,"href":"https:\/\/www.kinderschutzbund-kleve.de\/index.php\/wp-json\/wp\/v2\/comments?post=1104"}],"version-history":[{"count":7,"href":"https:\/\/www.kinderschutzbund-kleve.de\/index.php\/wp-json\/wp\/v2\/pages\/1104\/revisions"}],"predecessor-version":[{"id":1123,"href":"https:\/\/www.kinderschutzbund-kleve.de\/index.php\/wp-json\/wp\/v2\/pages\/1104\/revisions\/1123"}],"wp:attachment":[{"href":"https:\/\/www.kinderschutzbund-kleve.de\/index.php\/wp-json\/wp\/v2\/media?parent=1104"}],"curies":[{"name":"wp","href":"https:\/\/api.w.org\/{rel}","templated":true}]}}